{"id":235,"date":"2025-11-19T12:27:19","date_gmt":"2025-11-19T11:27:19","guid":{"rendered":"https:\/\/imb-sl.com\/nuevaweb\/?page_id=235"},"modified":"2026-03-12T10:35:57","modified_gmt":"2026-03-12T09:35:57","slug":"quienes-somos","status":"publish","type":"page","link":"https:\/\/imb-sl.com\/cat\/quienes-somos\/","title":{"rendered":"Quienes somos"},"content":{"rendered":"<div data-elementor-type=\"wp-page\" data-elementor-id=\"235\" class=\"elementor elementor-235\" data-elementor-post-type=\"page\">\n\t\t\t\t<div class=\"elementor-element elementor-element-e0a23c8 e-flex e-con-boxed e-con e-parent\" data-id=\"e0a23c8\" data-element_type=\"container\" data-e-type=\"container\">\n\t\t\t\t\t<div class=\"e-con-inner\">\n\t\t\t\t<div class=\"elementor-element elementor-element-5dc000f elementor--h-position-center elementor--v-position-middle elementor-widget elementor-widget-slides\" data-id=\"5dc000f\" data-element_type=\"widget\" data-e-type=\"widget\" data-settings=\"{&quot;navigation&quot;:&quot;none&quot;,&quot;infinite&quot;:&quot;yes&quot;,&quot;transition&quot;:&quot;slide&quot;,&quot;transition_speed&quot;:500}\" data-no-translation=\"\" data-widget_type=\"slides.default\">\n\t\t\t\t<div class=\"elementor-widget-container\">\n\t\t\t\t\t<style>.elementor-element-5dc000f{display:none !important}<\/style>\t\t\t\t<\/div>\n\t\t\t\t<\/div>\n\t\t\t\t<div class=\"elementor-element elementor-element-6e98ad0 elementor--h-position-center elementor--v-position-middle elementor-widget elementor-widget-slides\" data-id=\"6e98ad0\" data-element_type=\"widget\" data-e-type=\"widget\" data-settings=\"{&quot;navigation&quot;:&quot;none&quot;,&quot;infinite&quot;:&quot;yes&quot;,&quot;transition&quot;:&quot;slide&quot;,&quot;transition_speed&quot;:500}\" data-no-translation=\"\" data-widget_type=\"slides.default\">\n\t\t\t\t<div class=\"elementor-widget-container\">\n\t\t\t\t\t\t\t\t\t<div class=\"elementor-swiper\">\r\n\t\t\t\t\t<div class=\"elementor-slides-wrapper elementor-main-swiper swiper\" role=\"region\" aria-roledescription=\"carousel\" aria-label=\"Diapositivas\" dir=\"ltr\" data-animation=\"fadeInUp\">\r\n\t\t\t\t<div class=\"swiper-wrapper elementor-slides\">\r\n\t\t\t\t\t\t\t\t\t\t<div class=\"elementor-repeater-item-b843ea0 swiper-slide\" role=\"group\" aria-roledescription=\"slide\"><div class=\"swiper-slide-bg elementor-ken-burns elementor-ken-burns--out\" role=\"img\" aria-label=\"quienes-somos-baladon-instaladores\"><\/div><div class=\"elementor-background-overlay\"><\/div><div class=\"swiper-slide-inner\" ><div class=\"swiper-slide-contents\"><h1 class=\"elementor-slide-heading\">Sobre nosaltres<\/h1><\/div><\/div><\/div>\t\t\t\t<\/div>\r\n\t\t\t\t\t\t\t<\/div>\r\n\t\t\t\t<\/div>\r\n\t\t\t\t\t\t\t\t<\/div>\n\t\t\t\t<\/div>\n\t\t\t\t\t<\/div>\n\t\t\t\t<\/div>\n\t\t<div class=\"elementor-element elementor-element-5164c07 elementor-hidden-mobile e-flex e-con-boxed e-con e-parent\" data-id=\"5164c07\" data-element_type=\"container\" data-e-type=\"container\">\n\t\t\t\t\t<div class=\"e-con-inner\">\n\t\t<div class=\"elementor-element elementor-element-5ed2c85 e-con-full animated-slow e-flex elementor-invisible e-con e-child\" data-id=\"5ed2c85\" data-element_type=\"container\" data-e-type=\"container\" data-settings=\"{&quot;animation&quot;:&quot;fadeIn&quot;}\">\n\t\t\t\t<div class=\"elementor-element elementor-element-7da1b1d elementor-widget elementor-widget-image\" data-id=\"7da1b1d\" data-element_type=\"widget\" data-e-type=\"widget\" data-widget_type=\"image.default\">\n\t\t\t\t<div class=\"elementor-widget-container\">\n\t\t\t\t\t\t\t\t\t\t\t\t\t\t\t<img fetchpriority=\"high\" decoding=\"async\" width=\"800\" height=\"600\" src=\"https:\/\/imb-sl.com\/wp-content\/uploads\/2026\/01\/oficina.jpg\" class=\"attachment-large size-large wp-image-1042\" alt=\"\" srcset=\"https:\/\/imb-sl.com\/wp-content\/uploads\/2026\/01\/oficina.jpg 1024w, https:\/\/imb-sl.com\/wp-content\/uploads\/2026\/01\/oficina-300x225.jpg 300w, https:\/\/imb-sl.com\/wp-content\/uploads\/2026\/01\/oficina-768x576.jpg 768w, https:\/\/imb-sl.com\/wp-content\/uploads\/2026\/01\/oficina-16x12.jpg 16w\" sizes=\"(max-width: 800px) 100vw, 800px\" \/>\t\t\t\t\t\t\t\t\t\t\t\t\t\t\t<\/div>\n\t\t\t\t<\/div>\n\t\t\t\t<\/div>\n\t\t<div class=\"elementor-element elementor-element-bed567c e-con-full animated-slow e-flex elementor-invisible e-con e-child\" data-id=\"bed567c\" data-element_type=\"container\" data-e-type=\"container\" data-settings=\"{&quot;animation&quot;:&quot;fadeIn&quot;}\">\n\t\t\t\t<div class=\"elementor-element elementor-element-bec0e44 elementor-widget elementor-widget-image\" data-id=\"bec0e44\" data-element_type=\"widget\" data-e-type=\"widget\" data-widget_type=\"image.default\">\n\t\t\t\t<div class=\"elementor-widget-container\">\n\t\t\t\t\t\t\t\t\t\t\t\t\t\t\t<img decoding=\"async\" width=\"644\" height=\"482\" src=\"https:\/\/imb-sl.com\/wp-content\/uploads\/2026\/01\/oficina-6.png\" class=\"attachment-large size-large wp-image-1041\" alt=\"\" srcset=\"https:\/\/imb-sl.com\/wp-content\/uploads\/2026\/01\/oficina-6.png 644w, https:\/\/imb-sl.com\/wp-content\/uploads\/2026\/01\/oficina-6-300x225.png 300w, https:\/\/imb-sl.com\/wp-content\/uploads\/2026\/01\/oficina-6-16x12.png 16w\" sizes=\"(max-width: 644px) 100vw, 644px\" \/>\t\t\t\t\t\t\t\t\t\t\t\t\t\t\t<\/div>\n\t\t\t\t<\/div>\n\t\t\t\t<\/div>\n\t\t<div class=\"elementor-element elementor-element-fc99734 e-con-full animated-slow e-flex elementor-invisible e-con e-child\" data-id=\"fc99734\" data-element_type=\"container\" data-e-type=\"container\" data-settings=\"{&quot;animation&quot;:&quot;fadeIn&quot;}\">\n\t\t\t\t<div class=\"elementor-element elementor-element-53faea9 elementor-widget elementor-widget-image\" data-id=\"53faea9\" data-element_type=\"widget\" data-e-type=\"widget\" data-widget_type=\"image.default\">\n\t\t\t\t<div class=\"elementor-widget-container\">\n\t\t\t\t\t\t\t\t\t\t\t\t\t\t\t<img decoding=\"async\" width=\"800\" height=\"600\" src=\"https:\/\/imb-sl.com\/wp-content\/uploads\/2026\/01\/oficina-3-1024x768.jpg\" class=\"attachment-large size-large wp-image-1038\" alt=\"\" srcset=\"https:\/\/imb-sl.com\/wp-content\/uploads\/2026\/01\/oficina-3-1024x768.jpg 1024w, https:\/\/imb-sl.com\/wp-content\/uploads\/2026\/01\/oficina-3-300x225.jpg 300w, https:\/\/imb-sl.com\/wp-content\/uploads\/2026\/01\/oficina-3-768x576.jpg 768w, https:\/\/imb-sl.com\/wp-content\/uploads\/2026\/01\/oficina-3-1536x1152.jpg 1536w, https:\/\/imb-sl.com\/wp-content\/uploads\/2026\/01\/oficina-3-16x12.jpg 16w, https:\/\/imb-sl.com\/wp-content\/uploads\/2026\/01\/oficina-3.jpg 1600w\" sizes=\"(max-width: 800px) 100vw, 800px\" \/>\t\t\t\t\t\t\t\t\t\t\t\t\t\t\t<\/div>\n\t\t\t\t<\/div>\n\t\t\t\t<\/div>\n\t\t\t\t\t<\/div>\n\t\t\t\t<\/div>\n\t\t<div class=\"elementor-element elementor-element-6bd2db1 animated-slow e-flex e-con-boxed elementor-invisible e-con e-parent\" data-id=\"6bd2db1\" data-element_type=\"container\" data-e-type=\"container\" data-settings=\"{&quot;animation&quot;:&quot;fadeIn&quot;}\">\n\t\t\t\t\t<div class=\"e-con-inner\">\n\t\t<div class=\"elementor-element elementor-element-f724889 e-con-full e-flex e-con e-child\" data-id=\"f724889\" data-element_type=\"container\" data-e-type=\"container\">\n\t\t\t\t<div class=\"elementor-element elementor-element-c31651c elementor-widget elementor-widget-heading\" data-id=\"c31651c\" data-element_type=\"widget\" data-e-type=\"widget\" data-no-translation=\"\" data-widget_type=\"heading.default\">\n\t\t\t\t<div class=\"elementor-widget-container\">\n\t\t\t\t\t<h2 class=\"elementor-heading-title elementor-size-default\">M\u00e9s de 20 anys oferint solucions de qualitat<\/h2>\t\t\t\t<\/div>\n\t\t\t\t<\/div>\n\t\t\t\t<div class=\"elementor-element elementor-element-d6a1d65 elementor-widget elementor-widget-heading\" data-id=\"d6a1d65\" data-element_type=\"widget\" data-e-type=\"widget\" data-no-translation=\"\" data-widget_type=\"heading.default\">\n\t\t\t\t<div class=\"elementor-widget-container\">\n\t\t\t\t\t<style>.elementor-element-d6a1d65{display:none !important}<\/style>\t\t\t\t<\/div>\n\t\t\t\t<\/div>\n\t\t\t\t<\/div>\n\t\t<div class=\"elementor-element elementor-element-0ec68f2 e-con-full e-flex e-con e-child\" data-id=\"0ec68f2\" data-element_type=\"container\" data-e-type=\"container\">\n\t\t\t\t<div class=\"elementor-element elementor-element-9db7b56 elementor-widget elementor-widget-text-editor\" data-id=\"9db7b56\" data-element_type=\"widget\" data-e-type=\"widget\" data-no-translation=\"\" data-widget_type=\"text-editor.default\">\n\t\t\t\t<div class=\"elementor-widget-container\">\n\t\t\t\t\t<style>.elementor-element-9db7b56{display:none !important}<\/style>\t\t\t\t<\/div>\n\t\t\t\t<\/div>\n\t\t\t\t<div class=\"elementor-element elementor-element-70e37af elementor-widget elementor-widget-text-editor\" data-id=\"70e37af\" data-element_type=\"widget\" data-e-type=\"widget\" data-no-translation=\"\" data-widget_type=\"text-editor.default\">\n\t\t\t\t<div class=\"elementor-widget-container\">\n\t\t\t\t\t\t\t\t\t<p>Instalaciones y Montajes Balad\u00f3n S.L. va n\u00e9ixer el 1998 i t\u00e9 la seu central a Cornell\u00e0 de Llobregat. Des dels nostres inicis hem treballat amb un objectiu clar: oferir solucions d&#8217;instal\u00b7laci\u00f3 segures, eficients i de m\u00e0xima qualitat<\/p>\t\t\t\t\t\t\t\t<\/div>\n\t\t\t\t<\/div>\n\t\t\t\t<\/div>\n\t\t\t\t\t<\/div>\n\t\t\t\t<\/div>\n\t\t<div class=\"elementor-element elementor-element-aca5d02 animated-slow e-flex e-con-boxed elementor-invisible e-con e-parent\" data-id=\"aca5d02\" data-element_type=\"container\" data-e-type=\"container\" data-settings=\"{&quot;background_background&quot;:&quot;classic&quot;,&quot;animation&quot;:&quot;fadeIn&quot;}\">\n\t\t\t\t\t<div class=\"e-con-inner\">\n\t\t\t\t<div class=\"elementor-element elementor-element-5f7b0ae elementor-widget-divider--view-line elementor-widget elementor-widget-divider\" data-id=\"5f7b0ae\" data-element_type=\"widget\" data-e-type=\"widget\" data-widget_type=\"divider.default\">\n\t\t\t\t<div class=\"elementor-widget-container\">\n\t\t\t\t\t\t\t<div class=\"elementor-divider\">\n\t\t\t<span class=\"elementor-divider-separator\">\n\t\t\t\t\t\t<\/span>\n\t\t<\/div>\n\t\t\t\t\t\t<\/div>\n\t\t\t\t<\/div>\n\t\t\t\t<div class=\"elementor-element elementor-element-d47ae12 elementor-widget elementor-widget-heading\" data-id=\"d47ae12\" data-element_type=\"widget\" data-e-type=\"widget\" data-no-translation=\"\" data-widget_type=\"heading.default\">\n\t\t\t\t<div class=\"elementor-widget-container\">\n\t\t\t\t\t<style>.elementor-element-d47ae12{display:none !important}<\/style>\t\t\t\t<\/div>\n\t\t\t\t<\/div>\n\t\t\t\t<div class=\"elementor-element elementor-element-2bb9ee5 elementor-widget elementor-widget-heading\" data-id=\"2bb9ee5\" data-element_type=\"widget\" data-e-type=\"widget\" data-no-translation=\"\" data-widget_type=\"heading.default\">\n\t\t\t\t<div class=\"elementor-widget-container\">\n\t\t\t\t\t<h3 class=\"elementor-heading-title elementor-size-default\">La teva confian\u00e7a,\n<br>la nostra millor garantia<\/h3>\t\t\t\t<\/div>\n\t\t\t\t<\/div>\n\t\t\t\t<div class=\"elementor-element elementor-element-bedb358 elementor-widget-divider--view-line elementor-widget elementor-widget-divider\" data-id=\"bedb358\" data-element_type=\"widget\" data-e-type=\"widget\" data-widget_type=\"divider.default\">\n\t\t\t\t<div class=\"elementor-widget-container\">\n\t\t\t\t\t\t\t<div class=\"elementor-divider\">\n\t\t\t<span class=\"elementor-divider-separator\">\n\t\t\t\t\t\t<\/span>\n\t\t<\/div>\n\t\t\t\t\t\t<\/div>\n\t\t\t\t<\/div>\n\t\t\t\t\t<\/div>\n\t\t\t\t<\/div>\n\t\t<div class=\"elementor-element elementor-element-d5cc31f animated-slow e-flex e-con-boxed elementor-invisible e-con e-parent\" data-id=\"d5cc31f\" data-element_type=\"container\" data-e-type=\"container\" data-settings=\"{&quot;animation&quot;:&quot;fadeIn&quot;}\">\n\t\t\t\t\t<div class=\"e-con-inner\">\n\t\t<div class=\"elementor-element elementor-element-9db0557 e-con-full e-flex e-con e-child\" data-id=\"9db0557\" data-element_type=\"container\" data-e-type=\"container\">\n\t\t\t\t<div class=\"elementor-element elementor-element-c75c339 elementor-widget elementor-widget-image\" data-id=\"c75c339\" data-element_type=\"widget\" data-e-type=\"widget\" data-widget_type=\"image.default\">\n\t\t\t\t<div class=\"elementor-widget-container\">\n\t\t\t\t\t\t\t\t\t\t\t\t\t\t\t<img loading=\"lazy\" decoding=\"async\" width=\"800\" height=\"600\" src=\"https:\/\/imb-sl.com\/wp-content\/uploads\/2026\/01\/instalacion-fotovoltaica-28-1024x768.jpeg\" class=\"attachment-large size-large wp-image-1012\" alt=\"\" srcset=\"https:\/\/imb-sl.com\/wp-content\/uploads\/2026\/01\/instalacion-fotovoltaica-28-1024x768.jpeg 1024w, https:\/\/imb-sl.com\/wp-content\/uploads\/2026\/01\/instalacion-fotovoltaica-28-300x225.jpeg 300w, https:\/\/imb-sl.com\/wp-content\/uploads\/2026\/01\/instalacion-fotovoltaica-28-768x576.jpeg 768w, https:\/\/imb-sl.com\/wp-content\/uploads\/2026\/01\/instalacion-fotovoltaica-28-1536x1152.jpeg 1536w, https:\/\/imb-sl.com\/wp-content\/uploads\/2026\/01\/instalacion-fotovoltaica-28-16x12.jpeg 16w, https:\/\/imb-sl.com\/wp-content\/uploads\/2026\/01\/instalacion-fotovoltaica-28.jpeg 1600w\" sizes=\"(max-width: 800px) 100vw, 800px\" \/>\t\t\t\t\t\t\t\t\t\t\t\t\t\t\t<\/div>\n\t\t\t\t<\/div>\n\t\t\t\t<\/div>\n\t\t<div class=\"elementor-element elementor-element-7932826 e-con-full e-flex e-con e-child\" data-id=\"7932826\" data-element_type=\"container\" data-e-type=\"container\">\n\t\t\t\t<div class=\"elementor-element elementor-element-775ed02 elementor-widget elementor-widget-text-editor\" data-id=\"775ed02\" data-element_type=\"widget\" data-e-type=\"widget\" data-no-translation=\"\" data-widget_type=\"text-editor.default\">\n\t\t\t\t<div class=\"elementor-widget-container\">\n\t\t\t\t\t<style>.elementor-element-775ed02{display:none !important}<\/style>\t\t\t\t<\/div>\n\t\t\t\t<\/div>\n\t\t\t\t<div class=\"elementor-element elementor-element-dc9e0d7 elementor-widget elementor-widget-text-editor\" data-id=\"dc9e0d7\" data-element_type=\"widget\" data-e-type=\"widget\" data-no-translation=\"\" data-widget_type=\"text-editor.default\">\n\t\t\t\t<div class=\"elementor-widget-container\">\n\t\t\t\t\t\t\t\t\t<p>Estem inscrits al\u00a0<strong>Registre Industrial d\u2019Empreses Instal\u00b7ladores<\/strong>\u00a0amb el N\u00ba 08\/1164763, pel departament competent de la\u00a0<strong>Generalitat de Catalunya<\/strong>, i formem part del\u00a0<strong>Gremi d\u2019Instal\u00b7ladors del Baix Llobregat<\/strong>, fet que avala el nostre comprom\u00eds amb la professionalitat i el compliment de la normativa vigent.<\/p><p>Amb m\u00e9s de 20 anys d\u2019experi\u00e8ncia i un equip hum\u00e0 de grans professionals, som molt m\u00e9s que un instal\u00b7lador. La nostra empresa \u00e9s\u00a0<strong>centre col\u00b7laborador de Naturgy<\/strong>, un reconeixement que reflecteix la confian\u00e7a dipositada en nosaltres gr\u00e0cies a la qualitat i el rigor del nostre treball.<\/p><h2><span style=\"color: #27667b;\">El nostre comprom\u00eds<\/span><\/h2><p>El creixement de Instalaciones y Montajes Balad\u00f3n S.L. en els darrers anys ha estat notable tant en xifres de negoci com en capital hum\u00e0. Aquest desenvolupament s\u2019ha sustentat en tres pilars fonamentals:<\/p><ul><li><strong>Qualitat dels productes<\/strong>\u00a0que instal\u00b7lem.<\/li><li><strong>Innovaci\u00f3 i millora continuada<\/strong>\u00a0en els nostres processos.<\/li><li><strong>Atenci\u00f3 personalitzada<\/strong>\u00a0a cada client.<\/li><\/ul><p><!--EndFragment --><\/p>\t\t\t\t\t\t\t\t<\/div>\n\t\t\t\t<\/div>\n\t\t\t\t<\/div>\n\t\t\t\t\t<\/div>\n\t\t\t\t<\/div>\n\t\t<div class=\"elementor-element elementor-element-d8bb345 animated-slow e-flex e-con-boxed elementor-invisible e-con e-parent\" data-id=\"d8bb345\" data-element_type=\"container\" data-e-type=\"container\" data-settings=\"{&quot;animation&quot;:&quot;fadeIn&quot;}\">\n\t\t\t\t\t<div class=\"e-con-inner\">\n\t\t\t\t<div class=\"elementor-element elementor-element-4c688b6 elementor-widget elementor-widget-heading\" data-id=\"4c688b6\" data-element_type=\"widget\" data-e-type=\"widget\" data-no-translation=\"\" data-widget_type=\"heading.default\">\n\t\t\t\t<div class=\"elementor-widget-container\">\n\t\t\t\t\t<style>.elementor-element-4c688b6{display:none !important}<\/style>\t\t\t\t<\/div>\n\t\t\t\t<\/div>\n\t\t\t\t<div class=\"elementor-element elementor-element-21ece06 elementor-widget elementor-widget-text-editor\" data-id=\"21ece06\" data-element_type=\"widget\" data-e-type=\"widget\" data-no-translation=\"\" data-widget_type=\"text-editor.default\">\n\t\t\t\t<div class=\"elementor-widget-container\">\n\t\t\t\t\t<style>.elementor-element-21ece06{display:none !important}<\/style>\t\t\t\t<\/div>\n\t\t\t\t<\/div>\n\t\t\t\t<div class=\"elementor-element elementor-element-c46e440 elementor-widget elementor-widget-heading\" data-id=\"c46e440\" data-element_type=\"widget\" data-e-type=\"widget\" data-no-translation=\"\" data-widget_type=\"heading.default\">\n\t\t\t\t<div class=\"elementor-widget-container\">\n\t\t\t\t\t<style>.elementor-element-c46e440{display:none !important}<\/style>\t\t\t\t<\/div>\n\t\t\t\t<\/div>\n\t\t\t\t<div class=\"elementor-element elementor-element-6daa2cb elementor-widget elementor-widget-text-editor\" data-id=\"6daa2cb\" data-element_type=\"widget\" data-e-type=\"widget\" data-no-translation=\"\" data-widget_type=\"text-editor.default\">\n\t\t\t\t<div class=\"elementor-widget-container\">\n\t\t\t\t\t<style>.elementor-element-6daa2cb{display:none !important}<\/style>\t\t\t\t<\/div>\n\t\t\t\t<\/div>\n\t\t\t\t<div class=\"elementor-element elementor-element-4c454d9 elementor-widget elementor-widget-heading\" data-id=\"4c454d9\" data-element_type=\"widget\" data-e-type=\"widget\" data-no-translation=\"\" data-widget_type=\"heading.default\">\n\t\t\t\t<div class=\"elementor-widget-container\">\n\t\t\t\t\t<style>.elementor-element-4c454d9{display:none !important}<\/style>\t\t\t\t<\/div>\n\t\t\t\t<\/div>\n\t\t\t\t<div class=\"elementor-element elementor-element-f15ef3d elementor-widget elementor-widget-text-editor\" data-id=\"f15ef3d\" data-element_type=\"widget\" data-e-type=\"widget\" data-no-translation=\"\" data-widget_type=\"text-editor.default\">\n\t\t\t\t<div class=\"elementor-widget-container\">\n\t\t\t\t\t<style>.elementor-element-f15ef3d{display:none !important}<\/style>\t\t\t\t<\/div>\n\t\t\t\t<\/div>\n\t\t\t\t<div class=\"elementor-element elementor-element-416d6d4 elementor-widget elementor-widget-heading\" data-id=\"416d6d4\" data-element_type=\"widget\" data-e-type=\"widget\" data-no-translation=\"\" data-widget_type=\"heading.default\">\n\t\t\t\t<div class=\"elementor-widget-container\">\n\t\t\t\t\t<h2 class=\"elementor-heading-title elementor-size-default\">Els nostres serveis<\/h2>\t\t\t\t<\/div>\n\t\t\t\t<\/div>\n\t\t\t\t<div class=\"elementor-element elementor-element-3a8e722 elementor-widget elementor-widget-text-editor\" data-id=\"3a8e722\" data-element_type=\"widget\" data-e-type=\"widget\" data-no-translation=\"\" data-widget_type=\"text-editor.default\">\n\t\t\t\t<div class=\"elementor-widget-container\">\n\t\t\t\t\t\t\t\t\t<p>Comptem amb instal\u00b7ladors altament qualificats i titulats per realitzar projectes de:<\/p><ul><li>Instal\u00b7lacions fotovoltaiques d&#8217;autoconsum.<\/li><li>Punts de rec\u00e0rrega per a vehicles el\u00e8ctrics.<\/li><li>Gas, calefacci\u00f3 i calderes.<\/li><li>Aerot\u00e8rmia i aire condicionat.<\/li><\/ul><p>Totes les nostres instal\u00b7lacions estan <strong>certificades i garantides<\/strong>, tant pel fabricant com per la nostra pr\u00f2pia execuci\u00f3, assegurant la m\u00e0xima tranquil\u00b7litat pels nostres clients.<\/p>\t\t\t\t\t\t\t\t<\/div>\n\t\t\t\t<\/div>\n\t\t\t\t<div class=\"elementor-element elementor-element-b6a853e elementor-widget elementor-widget-heading\" data-id=\"b6a853e\" data-element_type=\"widget\" data-e-type=\"widget\" data-no-translation=\"\" data-widget_type=\"heading.default\">\n\t\t\t\t<div class=\"elementor-widget-container\">\n\t\t\t\t\t<h2 class=\"elementor-heading-title elementor-size-default\">El nostre equip comercial<\/h2>\t\t\t\t<\/div>\n\t\t\t\t<\/div>\n\t\t\t\t<div class=\"elementor-element elementor-element-027b45a elementor-widget elementor-widget-text-editor\" data-id=\"027b45a\" data-element_type=\"widget\" data-e-type=\"widget\" data-no-translation=\"\" data-widget_type=\"text-editor.default\">\n\t\t\t\t<div class=\"elementor-widget-container\">\n\t\t\t\t\t\t\t\t\t<p>Disposem d&#8217;un departament comercial amb \u00e0mplia experi\u00e8ncia i formaci\u00f3 continuada en tots els productes, cosa que ens permet oferir sempre la millor soluci\u00f3 adaptada a les necessitats de cada client i dins de la normativa vigent.<\/p>\t\t\t\t\t\t\t\t<\/div>\n\t\t\t\t<\/div>\n\t\t\t\t<div class=\"elementor-element elementor-element-ef98dd4 elementor-widget elementor-widget-heading\" data-id=\"ef98dd4\" data-element_type=\"widget\" data-e-type=\"widget\" data-no-translation=\"\" data-widget_type=\"heading.default\">\n\t\t\t\t<div class=\"elementor-widget-container\">\n\t\t\t\t\t<h2 class=\"elementor-heading-title elementor-size-default\">Confian\u00e7a i proximitat<\/h2>\t\t\t\t<\/div>\n\t\t\t\t<\/div>\n\t\t\t\t<div class=\"elementor-element elementor-element-31d2ea6 elementor-widget elementor-widget-text-editor\" data-id=\"31d2ea6\" data-element_type=\"widget\" data-e-type=\"widget\" data-no-translation=\"\" data-widget_type=\"text-editor.default\">\n\t\t\t\t<div class=\"elementor-widget-container\">\n\t\t\t\t\t\t\t\t\t<p>A Instalaciones y Montajes Balad\u00f3n S.L. creiem en la proximitat i en la confian\u00e7a com a base de cada projecte. Per aix\u00f2, us convidem a sol\u00b7licitar un pressupost per a la vostra calefacci\u00f3, caldera, aire condicionat o instal\u00b7laci\u00f3 de gas natural.<\/p><p><strong>Gr\u00e0cies per confiar en nosaltres.<\/strong><\/p>\t\t\t\t\t\t\t\t<\/div>\n\t\t\t\t<\/div>\n\t\t\t\t\t<\/div>\n\t\t\t\t<\/div>\n\t\t\t\t<\/div>","protected":false},"excerpt":{"rendered":"<p>Sobre nosotros M\u00e1s de 20 a\u00f1os ofreciendo soluciones de calidad Instalaciones y Montajes Balad\u00f3n S.L.\u00a0naci\u00f3 en 1998 y tiene su sede central en Cornell\u00e0 de Llobregat. Desde nuestros inicios, hemos trabajado con un objetivo claro: ofrecer soluciones de instalaci\u00f3n seguras, eficientes y de m\u00e1xima calidad Instalaciones y Montajes Balad\u00f3n S.L. va n\u00e9ixer el 1998 i [&hellip;]<\/p>\n","protected":false},"author":1,"featured_media":0,"parent":0,"menu_order":0,"comment_status":"closed","ping_status":"closed","template":"","meta":{"_acf_changed":false,"footnotes":""},"class_list":["post-235","page","type-page","status-publish","hentry"],"acf":[],"_links":{"self":[{"href":"https:\/\/imb-sl.com\/cat\/wp-json\/wp\/v2\/pages\/235","targetHints":{"allow":["GET"]}}],"collection":[{"href":"https:\/\/imb-sl.com\/cat\/wp-json\/wp\/v2\/pages"}],"about":[{"href":"https:\/\/imb-sl.com\/cat\/wp-json\/wp\/v2\/types\/page"}],"author":[{"embeddable":true,"href":"https:\/\/imb-sl.com\/cat\/wp-json\/wp\/v2\/users\/1"}],"replies":[{"embeddable":true,"href":"https:\/\/imb-sl.com\/cat\/wp-json\/wp\/v2\/comments?post=235"}],"version-history":[{"count":115,"href":"https:\/\/imb-sl.com\/cat\/wp-json\/wp\/v2\/pages\/235\/revisions"}],"predecessor-version":[{"id":1190,"href":"https:\/\/imb-sl.com\/cat\/wp-json\/wp\/v2\/pages\/235\/revisions\/1190"}],"wp:attachment":[{"href":"https:\/\/imb-sl.com\/cat\/wp-json\/wp\/v2\/media?parent=235"}],"curies":[{"name":"wp","href":"https:\/\/api.w.org\/{rel}","templated":true}]}}