{"id":274,"date":"2025-11-19T13:44:18","date_gmt":"2025-11-19T12:44:18","guid":{"rendered":"https:\/\/imb-sl.com\/nuevaweb\/?page_id=274"},"modified":"2025-12-10T12:49:57","modified_gmt":"2025-12-10T11:49:57","slug":"financiacion","status":"publish","type":"page","link":"https:\/\/imb-sl.com\/cat\/financiacion\/","title":{"rendered":"Financiaci\u00f3n"},"content":{"rendered":"<div data-elementor-type=\"wp-page\" data-elementor-id=\"274\" class=\"elementor elementor-274\" data-elementor-post-type=\"page\">\n\t\t\t\t<div class=\"elementor-element elementor-element-e0a23c8 e-flex e-con-boxed elementor-invisible e-con e-parent\" data-id=\"e0a23c8\" data-element_type=\"container\" data-e-type=\"container\" data-settings=\"{&quot;animation&quot;:&quot;fadeIn&quot;}\">\n\t\t\t\t\t<div class=\"e-con-inner\">\n\t\t\t\t<div class=\"elementor-element elementor-element-5dc000f elementor--h-position-center elementor--v-position-middle elementor-arrows-position-inside elementor-pagination-position-inside elementor-widget elementor-widget-slides\" data-id=\"5dc000f\" data-element_type=\"widget\" data-e-type=\"widget\" data-settings=\"{&quot;navigation&quot;:&quot;both&quot;,&quot;autoplay&quot;:&quot;yes&quot;,&quot;pause_on_hover&quot;:&quot;yes&quot;,&quot;pause_on_interaction&quot;:&quot;yes&quot;,&quot;autoplay_speed&quot;:5000,&quot;infinite&quot;:&quot;yes&quot;,&quot;transition&quot;:&quot;slide&quot;,&quot;transition_speed&quot;:500}\" data-no-translation=\"\" data-widget_type=\"slides.default\">\n\t\t\t\t<div class=\"elementor-widget-container\">\n\t\t\t\t\t<style>.elementor-element-5dc000f{display:none !important}<\/style>\t\t\t\t<\/div>\n\t\t\t\t<\/div>\n\t\t\t\t<div class=\"elementor-element elementor-element-2f7e14c elementor--h-position-center elementor--v-position-middle elementor-arrows-position-inside elementor-pagination-position-inside elementor-widget elementor-widget-slides\" data-id=\"2f7e14c\" data-element_type=\"widget\" data-e-type=\"widget\" data-settings=\"{&quot;navigation&quot;:&quot;both&quot;,&quot;autoplay&quot;:&quot;yes&quot;,&quot;pause_on_hover&quot;:&quot;yes&quot;,&quot;pause_on_interaction&quot;:&quot;yes&quot;,&quot;autoplay_speed&quot;:5000,&quot;infinite&quot;:&quot;yes&quot;,&quot;transition&quot;:&quot;slide&quot;,&quot;transition_speed&quot;:500}\" data-no-translation=\"\" data-widget_type=\"slides.default\">\n\t\t\t\t<div class=\"elementor-widget-container\">\n\t\t\t\t\t\t\t\t\t<div class=\"elementor-swiper\">\r\n\t\t\t\t\t<div class=\"elementor-slides-wrapper elementor-main-swiper swiper\" role=\"region\" aria-roledescription=\"carousel\" aria-label=\"Diapositivas\" dir=\"ltr\" data-animation=\"fadeInUp\">\r\n\t\t\t\t<div class=\"swiper-wrapper elementor-slides\">\r\n\t\t\t\t\t\t\t\t\t\t<div class=\"elementor-repeater-item-b843ea0 swiper-slide\" role=\"group\" aria-roledescription=\"slide\"><div class=\"swiper-slide-bg elementor-ken-burns elementor-ken-burns--out\" role=\"img\" aria-label=\"financiacion-personalizada-hogar-eficiente\"><\/div><div class=\"elementor-background-overlay\"><\/div><div class=\"swiper-slide-inner\" ><div class=\"swiper-slide-contents\"><h1 class=\"elementor-slide-heading\">Finan\u00e7ament<\/h1><\/div><\/div><\/div>\t\t\t\t<\/div>\r\n\t\t\t\t\t\t\t<\/div>\r\n\t\t\t\t<\/div>\r\n\t\t\t\t\t\t\t\t<\/div>\n\t\t\t\t<\/div>\n\t\t\t\t\t<\/div>\n\t\t\t\t<\/div>\n\t\t<div class=\"elementor-element elementor-element-353d388 e-flex e-con-boxed e-con e-parent\" data-id=\"353d388\" data-element_type=\"container\" data-e-type=\"container\" data-no-translation=\"\">\n\t\t\t\t\t<div class=\"e-con-inner\">\n\t\t<div class=\"elementor-element elementor-element-4ede826 e-con-full e-flex elementor-invisible e-con e-child\" data-id=\"4ede826\" data-element_type=\"container\" data-e-type=\"container\" data-settings=\"{&quot;animation&quot;:&quot;fadeIn&quot;}\">\n\t\t\t\t<div class=\"elementor-element elementor-element-8a81b14 elementor-widget elementor-widget-text-editor\" data-id=\"8a81b14\" data-element_type=\"widget\" data-e-type=\"widget\" data-no-translation=\"\" data-widget_type=\"text-editor.default\">\n\t\t\t\t<div class=\"elementor-widget-container\">\n\t\t\t\t\t\t\t\t\t<p>A <strong>Instal\u00b7lacions i Muntatges Balad\u00f3n S.L.<\/strong> treballem perqu\u00e8 els teus projectes es facin realitat. Amb m\u00e9s de 20 anys d\u00b4experi\u00e8ncia, oferim solucions en <strong>calefacci\u00f3, aire condicionat, substituci\u00f3 de calderes, gas natural, aerot\u00e8rmia i energia fotovoltaica d\u00b4autoconsum<\/strong>, sempre amb la m\u00e0xima qualitat i garantia. Volem que la teva llar estigui a l&#8217;\u00faltima: c\u00e0lida a l&#8217;hivern, fresca a l&#8217;estiu i eficient tot l&#8217;any.<br \/>A m\u00e9s, posem a la teva disposici\u00f3 <strong>finan\u00e7ament flexible i personalitzat<\/strong>, adaptat al teu pressupost, perqu\u00e8 millorar el confort del teu habitatge sigui f\u00e0cil i accessible. El nostre equip comercial us assessorar\u00e0 en tot moment perqu\u00e8 gaudiu d&#8217;una llar m\u00e9s acollidora, eficient i sostenible<\/p><p><!--EndFragment --><\/p>\t\t\t\t\t\t\t\t<\/div>\n\t\t\t\t<\/div>\n\t\t\t\t<\/div>\n\t\t\t\t\t<\/div>\n\t\t\t\t<\/div>\n\t\t<div class=\"elementor-element elementor-element-503b356 e-flex e-con-boxed e-con e-parent\" data-id=\"503b356\" data-element_type=\"container\" data-e-type=\"container\" data-no-translation=\"\">\n\t\t\t\t\t<div class=\"e-con-inner\">\n\t\t\t\t<div class=\"elementor-element elementor-element-9821a70 elementor-widget elementor-widget-heading\" data-id=\"9821a70\" data-element_type=\"widget\" data-e-type=\"widget\" data-widget_type=\"heading.default\">\n\t\t\t\t<div class=\"elementor-widget-container\">\n\t\t\t\t\t<h2 class=\"elementor-heading-title elementor-size-default\">Voleu millorar l'efici\u00e8ncia i el confort de la vostra llar?<\/h2>\t\t\t\t<\/div>\n\t\t\t\t<\/div>\n\t\t\t\t<div class=\"elementor-element elementor-element-4266891 elementor-align-center elementor-invisible elementor-widget elementor-widget-button\" data-id=\"4266891\" data-element_type=\"widget\" data-e-type=\"widget\" data-settings=\"{&quot;_animation&quot;:&quot;fadeIn&quot;}\" data-widget_type=\"button.default\">\n\t\t\t\t<div class=\"elementor-widget-container\">\n\t\t\t\t\t\t\t\t\t<div class=\"elementor-button-wrapper\">\n\t\t\t\t\t<a class=\"elementor-button elementor-button-link elementor-size-sm\" href=\"tel:934751460\">\n\t\t\t\t\t\t<span class=\"elementor-button-content-wrapper\">\n\t\t\t\t\t\t\t\t\t<span class=\"elementor-button-text\">Truca'ns ara<\/span>\n\t\t\t\t\t<\/span>\n\t\t\t\t\t<\/a>\n\t\t\t\t<\/div>\n\t\t\t\t\t\t\t\t<\/div>\n\t\t\t\t<\/div>\n\t\t\t\t<div class=\"elementor-element elementor-element-286f99e elementor-widget elementor-widget-heading\" data-id=\"286f99e\" data-element_type=\"widget\" data-e-type=\"widget\" data-widget_type=\"heading.default\">\n\t\t\t\t<div class=\"elementor-widget-container\">\n\t\t\t\t\t<h2 class=\"elementor-heading-title elementor-size-default\">Demana el teu pressupost sense comprom\u00eds.<\/h2>\t\t\t\t<\/div>\n\t\t\t\t<\/div>\n\t\t\t\t\t<\/div>\n\t\t\t\t<\/div>\n\t\t\t\t<\/div>","protected":false},"excerpt":{"rendered":"<p>Financiaci\u00f3n En Instalaciones y Montajes Balad\u00f3n S.L. trabajamos para que tus proyectos se hagan realidad. Con m\u00e1s de 20 a\u00f1os de experiencia, ofrecemos soluciones en calefacci\u00f3n, aire acondicionado, sustituci\u00f3n de calderas, gas natural, aerotermia y energ\u00eda fotovoltaica de autoconsumo, siempre con la m\u00e1xima calidad y garant\u00eda. Queremos que tu hogar est\u00e9 a la \u00faltima: c\u00e1lido [&hellip;]<\/p>\n","protected":false},"author":1,"featured_media":0,"parent":0,"menu_order":0,"comment_status":"closed","ping_status":"closed","template":"","meta":{"_acf_changed":false,"footnotes":""},"class_list":["post-274","page","type-page","status-publish","hentry"],"acf":[],"_links":{"self":[{"href":"https:\/\/imb-sl.com\/cat\/wp-json\/wp\/v2\/pages\/274","targetHints":{"allow":["GET"]}}],"collection":[{"href":"https:\/\/imb-sl.com\/cat\/wp-json\/wp\/v2\/pages"}],"about":[{"href":"https:\/\/imb-sl.com\/cat\/wp-json\/wp\/v2\/types\/page"}],"author":[{"embeddable":true,"href":"https:\/\/imb-sl.com\/cat\/wp-json\/wp\/v2\/users\/1"}],"replies":[{"embeddable":true,"href":"https:\/\/imb-sl.com\/cat\/wp-json\/wp\/v2\/comments?post=274"}],"version-history":[{"count":34,"href":"https:\/\/imb-sl.com\/cat\/wp-json\/wp\/v2\/pages\/274\/revisions"}],"predecessor-version":[{"id":914,"href":"https:\/\/imb-sl.com\/cat\/wp-json\/wp\/v2\/pages\/274\/revisions\/914"}],"wp:attachment":[{"href":"https:\/\/imb-sl.com\/cat\/wp-json\/wp\/v2\/media?parent=274"}],"curies":[{"name":"wp","href":"https:\/\/api.w.org\/{rel}","templated":true}]}}