{"id":3,"date":"2025-10-30T16:54:33","date_gmt":"2025-10-30T15:54:33","guid":{"rendered":"https:\/\/imb-sl.com\/nuevaweb\/?page_id=3"},"modified":"2025-11-24T16:14:55","modified_gmt":"2025-11-24T15:14:55","slug":"canal-etico","status":"publish","type":"page","link":"https:\/\/imb-sl.com\/cat\/canal-etico\/","title":{"rendered":"Canal \u00c9tico"},"content":{"rendered":"<div data-elementor-type=\"wp-page\" data-elementor-id=\"3\" class=\"elementor elementor-3\" data-elementor-post-type=\"page\">\n\t\t\t\t<div class=\"elementor-element elementor-element-10aadef6 e-flex e-con-boxed e-con e-parent\" data-id=\"10aadef6\" data-element_type=\"container\" data-e-type=\"container\">\n\t\t\t\t\t<div class=\"e-con-inner\">\n\t\t\t\t<div class=\"elementor-element elementor-element-215e3a7a elementor-widget elementor-widget-text-editor\" data-id=\"215e3a7a\" data-element_type=\"widget\" data-e-type=\"widget\" data-widget_type=\"text-editor.default\">\n\t\t\t\t<div class=\"elementor-widget-container\">\n\t\t\t\t\t\t\t\t\t\n<h1 class=\"wp-block-heading\" data-asw-org-font-size=\"13\">CANAL \u00c9TICO<\/h1>\n<p data-asw-org-font-size=\"16\">Como parte de nuestro compromiso de transparencia, en Instalaciones y Montajes Baladon SL ponemos a tu disposici\u00f3n un Canal \u00c9tico accesible para cualquier persona, que ofrece la posibilidad de denunciar cualquier posible\u00a0<strong>irregularidad, incumplimiento o comportamiento contrario al C\u00f3digo \u00c9tico, la legalidad y las normas que rigen Instalaciones y Montajes Baladon,<\/strong>\u00a0incluyendo en particular posibles casos de fraude o corrupci\u00f3n, pr\u00e1cticas anticompetitivas, acoso, violaciones de los derechos humanos o da\u00f1os al medio ambiente.<\/p>\n<p data-asw-org-font-size=\"16\">La gesti\u00f3n del Canal \u00c9tico se basa en los principios de\u00a0<strong>confidencialidad<\/strong>, respeto al anonimato de las personas que no deseen identificarse,\u00a0<strong>imparcialidad y objetividad<\/strong>, ausencia de represalias respecto del informante que comunique de buena fe y respeto a los derechos de todas las partes involucradas en la gesti\u00f3n de los expedientes.<\/p>\n<p data-asw-org-font-size=\"16\"><strong>Si eres cliente de Instalaciones y Montajes Baladon SL\u00a0<\/strong>y quieres notificarnos alguna insatisfacci\u00f3n con nuestros productos o con el servicio, por favor, utiliza los canales habilitados para ello, ya que en caso contrario tus comentarios podr\u00edan quedar desatendidos.\u00a0Puedes mandar un email a webimb@imb-sl.com o si lo prefieres, ll\u00e1manos al\u00a0<span data-asw-org-font-size=\"16\">934 751 460<\/span>.\u00a0<\/p>\t\t\t\t\t\t\t\t<\/div>\n\t\t\t\t<\/div>\n\t\t\t\t\t<\/div>\n\t\t\t\t<\/div>\n\t\t<div class=\"elementor-element elementor-element-3031c7e e-flex e-con-boxed e-con e-parent\" data-id=\"3031c7e\" data-element_type=\"container\" data-e-type=\"container\">\n\t\t\t\t\t<div class=\"e-con-inner\">\n\t\t<div class=\"elementor-element elementor-element-9242b22 e-con-full e-flex e-con e-child\" data-id=\"9242b22\" data-element_type=\"container\" data-e-type=\"container\">\n\t\t\t\t<div class=\"elementor-element elementor-element-8fcd85a elementor-align-center elementor-widget elementor-widget-button\" data-id=\"8fcd85a\" data-element_type=\"widget\" data-e-type=\"widget\" data-widget_type=\"button.default\">\n\t\t\t\t<div class=\"elementor-widget-container\">\n\t\t\t\t\t\t\t\t\t<div class=\"elementor-button-wrapper\">\n\t\t\t\t\t<a class=\"elementor-button elementor-button-link elementor-size-sm\" href=\"https:\/\/imb-sl.com\/nuevaweb\/wp-content\/uploads\/2025\/11\/CODIGO-ETICO.pdf\">\n\t\t\t\t\t\t<span class=\"elementor-button-content-wrapper\">\n\t\t\t\t\t\t\t\t\t<span class=\"elementor-button-text\">C\u00f3digo \u00e9tico<\/span>\n\t\t\t\t\t<\/span>\n\t\t\t\t\t<\/a>\n\t\t\t\t<\/div>\n\t\t\t\t\t\t\t\t<\/div>\n\t\t\t\t<\/div>\n\t\t\t\t<\/div>\n\t\t<div class=\"elementor-element elementor-element-b4b0b22 e-con-full e-flex e-con e-child\" data-id=\"b4b0b22\" data-element_type=\"container\" data-e-type=\"container\">\n\t\t\t\t<div class=\"elementor-element elementor-element-40cc6a0 elementor-align-center elementor-widget elementor-widget-button\" data-id=\"40cc6a0\" data-element_type=\"widget\" data-e-type=\"widget\" data-widget_type=\"button.default\">\n\t\t\t\t<div class=\"elementor-widget-container\">\n\t\t\t\t\t\t\t\t\t<div class=\"elementor-button-wrapper\">\n\t\t\t\t\t<a class=\"elementor-button elementor-button-link elementor-size-sm\" href=\"https:\/\/imb-sl.com\/nuevaweb\/wp-content\/uploads\/2025\/11\/politica-de-uso-canal-etico-imb-sl.pdf\">\n\t\t\t\t\t\t<span class=\"elementor-button-content-wrapper\">\n\t\t\t\t\t\t\t\t\t<span class=\"elementor-button-text\">Ver pol\u00edtica de canal \u00e9tico<\/span>\n\t\t\t\t\t<\/span>\n\t\t\t\t\t<\/a>\n\t\t\t\t<\/div>\n\t\t\t\t\t\t\t\t<\/div>\n\t\t\t\t<\/div>\n\t\t\t\t<\/div>\n\t\t\t\t\t<\/div>\n\t\t\t\t<\/div>\n\t\t<div class=\"elementor-element elementor-element-b7b188f e-flex e-con-boxed e-con e-parent\" data-id=\"b7b188f\" data-element_type=\"container\" data-e-type=\"container\">\n\t\t\t\t\t<div class=\"e-con-inner\">\n\t\t\t\t<div class=\"elementor-element elementor-element-4dc774e elementor-widget elementor-widget-text-editor\" data-id=\"4dc774e\" data-element_type=\"widget\" data-e-type=\"widget\" data-widget_type=\"text-editor.default\">\n\t\t\t\t<div class=\"elementor-widget-container\">\n\t\t\t\t\t\t\t\t\t<p>Accede al canal de denuncias:<\/p>\t\t\t\t\t\t\t\t<\/div>\n\t\t\t\t<\/div>\n\t\t\t\t<div class=\"elementor-element elementor-element-d0bae82 elementor-widget elementor-widget-button\" data-id=\"d0bae82\" data-element_type=\"widget\" data-e-type=\"widget\" data-widget_type=\"button.default\">\n\t\t\t\t<div class=\"elementor-widget-container\">\n\t\t\t\t\t\t\t\t\t<div class=\"elementor-button-wrapper\">\n\t\t\t\t\t<a class=\"elementor-button elementor-button-link elementor-size-sm\" href=\"https:\/\/canal-etico.eqs-ethicsportal.com\/es\">\n\t\t\t\t\t\t<span class=\"elementor-button-content-wrapper\">\n\t\t\t\t\t\t\t\t\t<span class=\"elementor-button-text\">Enviar denuncia<\/span>\n\t\t\t\t\t<\/span>\n\t\t\t\t\t<\/a>\n\t\t\t\t<\/div>\n\t\t\t\t\t\t\t\t<\/div>\n\t\t\t\t<\/div>\n\t\t\t\t\t<\/div>\n\t\t\t\t<\/div>\n\t\t\t\t<\/div>","protected":false},"excerpt":{"rendered":"<p>CANAL \u00c9TICO Como parte de nuestro compromiso de transparencia, en Instalaciones y Montajes Baladon SL ponemos a tu disposici\u00f3n un Canal \u00c9tico accesible para cualquier persona, que ofrece la posibilidad de denunciar cualquier posible\u00a0irregularidad, incumplimiento o comportamiento contrario al C\u00f3digo \u00c9tico, la legalidad y las normas que rigen Instalaciones y Montajes Baladon,\u00a0incluyendo en particular posibles [&hellip;]<\/p>\n","protected":false},"author":1,"featured_media":0,"parent":0,"menu_order":0,"comment_status":"closed","ping_status":"closed","template":"","meta":{"_acf_changed":false,"footnotes":""},"class_list":["post-3","page","type-page","status-publish","hentry"],"acf":[],"_links":{"self":[{"href":"https:\/\/imb-sl.com\/cat\/wp-json\/wp\/v2\/pages\/3","targetHints":{"allow":["GET"]}}],"collection":[{"href":"https:\/\/imb-sl.com\/cat\/wp-json\/wp\/v2\/pages"}],"about":[{"href":"https:\/\/imb-sl.com\/cat\/wp-json\/wp\/v2\/types\/page"}],"author":[{"embeddable":true,"href":"https:\/\/imb-sl.com\/cat\/wp-json\/wp\/v2\/users\/1"}],"replies":[{"embeddable":true,"href":"https:\/\/imb-sl.com\/cat\/wp-json\/wp\/v2\/comments?post=3"}],"version-history":[{"count":10,"href":"https:\/\/imb-sl.com\/cat\/wp-json\/wp\/v2\/pages\/3\/revisions"}],"predecessor-version":[{"id":830,"href":"https:\/\/imb-sl.com\/cat\/wp-json\/wp\/v2\/pages\/3\/revisions\/830"}],"wp:attachment":[{"href":"https:\/\/imb-sl.com\/cat\/wp-json\/wp\/v2\/media?parent=3"}],"curies":[{"name":"wp","href":"https:\/\/api.w.org\/{rel}","templated":true}]}}