{"id":813,"date":"2025-11-24T16:05:56","date_gmt":"2025-11-24T15:05:56","guid":{"rendered":"https:\/\/imb-sl.com\/nuevaweb\/?page_id=813"},"modified":"2025-11-24T16:06:51","modified_gmt":"2025-11-24T15:06:51","slug":"aviso-legal","status":"publish","type":"page","link":"https:\/\/imb-sl.com\/cat\/aviso-legal\/","title":{"rendered":"Aviso legal"},"content":{"rendered":"<div data-elementor-type=\"wp-page\" data-elementor-id=\"813\" class=\"elementor elementor-813\" data-elementor-post-type=\"page\">\n\t\t\t\t<div class=\"elementor-element elementor-element-d817964 e-flex e-con-boxed e-con e-parent\" data-id=\"d817964\" data-element_type=\"container\" data-e-type=\"container\">\n\t\t\t\t\t<div class=\"e-con-inner\">\n\t\t\t\t<div class=\"elementor-element elementor-element-acee68e elementor-widget elementor-widget-text-editor\" data-id=\"acee68e\" data-element_type=\"widget\" data-e-type=\"widget\" data-widget_type=\"text-editor.default\">\n\t\t\t\t<div class=\"elementor-widget-container\">\n\t\t\t\t\t\t\t\t\t<h1 data-asw-org-font-size=\"30\">Aviso legal y Canal \u00c9tico<\/h1><p data-asw-org-font-size=\"13\">Este Aviso Legal tiene por objeto informar sobre la prestaci\u00f3n de servicios de este sitio Web por parte de INSTALACIONES Y MONTAJES BALAD\u00d3N SL<\/p><ol data-asw-org-font-size=\"13\"><li data-asw-org-font-size=\"13\"><strong>PRESTACI\u00d3N DE SERVICIOS EN EL SITIO\u00a0<em>WEB<\/em><\/strong><\/li><\/ol><p data-asw-org-font-size=\"13\"><strong>Titularidad del sitio\u00a0<em>Web<\/em>\u00a0y prestadores de servicios<\/strong><\/p><p data-asw-org-font-size=\"13\">En cumplimiento de la normativa vigente en materia de Servicios de la Sociedad de la Informaci\u00f3n y de Comercio Electr\u00f3nico, se informa que el titular de este sitio\u00a0<em>Web<\/em>\u00a0(www.imb-sl.com) es INSTALACIONES Y MONTAJES BALAD\u00d3N SL<\/p><p data-asw-org-font-size=\"13\">A trav\u00e9s de esta\u00a0<em>Web<\/em>, se podr\u00e1 acceder a la informaci\u00f3n de los siguientes prestadores de servicios:<\/p><ol data-asw-org-font-size=\"13\"><li data-asw-org-font-size=\"13\">INSTALACIONES Y MONTAJES BALAD\u00d3N SL con domicilio fiscal en Ctra Prat No. 50, LC 2, 08940, Cornella de Llobregat, Barcelona,con n\u00ba B61704995 e inscrita en El Registro Mercantil de Barcelona, Tomo 30831, Folio 192, hoja B183225, inscripci\u00f3n 1\u00aa..<\/li><\/ol><p data-asw-org-font-size=\"13\">En adelante, el prestador ser\u00e1 denominado\u00a0<strong>BALADON.<\/strong><\/p><p data-asw-org-font-size=\"13\">Puede contactar con BALADON en la direcci\u00f3n arriba indicada, en el servicio de atenci\u00f3n al cliente en el\u00a0<strong>tel\u00e9fono\u00a0<\/strong>934 751 460o por<strong>\u00a0email\u00a0<\/strong>en webimb@imb-sl.com.<\/p><p data-asw-org-font-size=\"13\"><strong>Objeto del Sitio\u00a0<em>Web<\/em><\/strong><\/p><p data-asw-org-font-size=\"13\">BALADON facilita en este sitio\u00a0<em>Web\u00a0<\/em>acceso a la informaci\u00f3n referida a sus servicios de reparaciones, mantenimiento e instalaci\u00f3n de sistemas de climatizaci\u00f3n y actividades, tales como, promociones y acciones comerciales. Todos los servicios est\u00e1n sujetos a la disponibilidad o vigencia en cada momento y pueden variar con el paso del tiempo, previa modificaci\u00f3n de la informaci\u00f3n contenida sobre los mismos en el sitio\u00a0<em>Web<\/em>.<\/p><p data-asw-org-font-size=\"13\">Las contrataciones online realizadas a trav\u00e9s de este sitio\u00a0<em>Web<\/em>\u00a0se regir\u00e1n conforme a lo establecido en las condiciones de contrataci\u00f3n aplicables a cada servicio concreto. Solo podr\u00e1n contratar los servicios a trav\u00e9s del sitio\u00a0<em>Web<\/em>\u00a0los mayores de 18 a\u00f1os que est\u00e9n debidamente identificados.<\/p><p data-asw-org-font-size=\"13\">La informaci\u00f3n expuesta en este sitio\u00a0<em>Web<\/em>\u00a0est\u00e1 accesible de forma gratuita para todos los usuarios que accedan al mismo. Queda expresamente prohibida la comercializaci\u00f3n del derecho de acceso.<\/p><p data-asw-org-font-size=\"13\"><strong>Conocimiento y aceptaci\u00f3n \u00a0<\/strong><\/p><p data-asw-org-font-size=\"13\">El acceso a esta\u00a0<em>Web<\/em>\u00a0o su utilizaci\u00f3n en cualquier forma implica la aceptaci\u00f3n de la totalidad de lo dispuesto en este Aviso Legal. BALADON se reserva el derecho de modificar en cualquier momento el presente Aviso y, por tanto, ser\u00e1 responsabilidad del usuario su lectura en cada ocasi\u00f3n. Si no est\u00e1 de acuerdo con las condiciones aqu\u00ed expuestas, deber\u00e1 dejar de navegar por este sitio\u00a0<em>Web<\/em>.<\/p><p data-asw-org-font-size=\"13\"><strong>Navegaci\u00f3n\u00a0y registro<\/strong><\/p><p data-asw-org-font-size=\"13\">La navegaci\u00f3n por el sitio\u00a0<em>Web<\/em>\u00a0tiene car\u00e1cter gratuito. Sin perjuicio de lo anterior, BALADON se reserva la posibilidad de condicionar el acceso al previo registro del usuario mediante la cumplimentaci\u00f3n de los formularios de alta de usuario disponibles para poder acceder a la \u201cZona Cliente\u201d o, para proceder en el proceso de contrataci\u00f3n\u00a0<em>online<\/em>.<\/p><p data-asw-org-font-size=\"13\">Cuando sea necesaria la utilizaci\u00f3n de una contrase\u00f1a, el nombre de usuario y\/o cualquier otro factor de autenticaci\u00f3n, para acceder a alg\u00fan servicio, el usuario se obliga a mantenerlos en secreto y a usarlos diligentemente bajo su total y exclusiva responsabilidad.<\/p><p data-asw-org-font-size=\"13\">Asimismo, el usuario ser\u00e1 responsable de la veracidad de los datos personales facilitados debiendo mantenerlos actualizados en todo momento. El usuario ser\u00e1 el \u00fanico responsable a causa de la cumplimentaci\u00f3n de los formularios con datos falsos, inexactos, incompletos o no actualizados.<\/p><p data-asw-org-font-size=\"13\">En ning\u00fan caso BALADON se hace responsable de los posibles da\u00f1os directos, indirectos o de cualquier otro tipo, derivados del uso de este sitio\u00a0<em>Web<\/em>\u00a0o de cualquier otra\u00a0<em>Web<\/em>\u00a0a la que se dirija desde \u00e9sta, incluyendo, sin limitaci\u00f3n alguna, cualquier p\u00e9rdida de beneficio, interrupci\u00f3n del negocio, p\u00e9rdida de programas u otros datos de la informaci\u00f3n tratada en su sistema.<\/p><p data-asw-org-font-size=\"13\"><strong>Condiciones de utilizaci\u00f3n<\/strong><\/p><p data-asw-org-font-size=\"13\">El usuario se compromete a hacer un uso adecuado y l\u00edcito de este sitio\u00a0<em>Web<\/em>, as\u00ed como de los contenidos e informaciones sobre servicios puestos a su disposici\u00f3n, de conformidad con la legislaci\u00f3n aplicable en cada momento, el presente Aviso Legal, la moral y buenas costumbres generalmente aceptadas y el orden p\u00fablico.<\/p><p data-asw-org-font-size=\"13\"><strong>Propiedad Intelectual e Industrial y uso personal<\/strong><\/p><p data-asw-org-font-size=\"13\">Los contenidos, textos, fotograf\u00edas, dise\u00f1os, logotipos, im\u00e1genes, programas de ordenador, c\u00f3digos fuente y, en general, cualquier creaci\u00f3n intelectual existente en este sitio\u00a0<em>Web<\/em>, est\u00e1n protegidos como derechos de conformidad con la legislaci\u00f3n en materia de propiedad intelectual e industrial<\/p><p data-asw-org-font-size=\"13\">A tal efecto, BALADON es titular de los elementos que integran el dise\u00f1o gr\u00e1fico de este enlace, men\u00fas y botones de navegaci\u00f3n, el c\u00f3digo HTML y c\u00f3digo fuente, los textos, im\u00e1genes, gr\u00e1ficos y cualquier otro contenido del sitio\u00a0<em>Web<\/em>\u00a0o, en cualquier caso, dispone de la correspondiente autorizaci\u00f3n para la utilizaci\u00f3n de dichos elementos.<\/p><p data-asw-org-font-size=\"13\">BALADON autoriza al usuario a utilizar, visualizar, imprimir, descargar y almacenar los contenidos y\/o los elementos insertados en este enlace exclusivamente para el uso personal; siempre que en todo caso se indique el origen y\/o autor de los mismos y que, en su caso, aparezca el s\u00edmbolo del copyright y\/o notas de propiedad industrial de BALADON.<\/p><p data-asw-org-font-size=\"13\">Queda terminantemente prohibida la utilizaci\u00f3n de tales elementos, su reproducci\u00f3n, comunicaci\u00f3n y\/o distribuci\u00f3n con fines comerciales o lucrativos, as\u00ed como su modificaci\u00f3n, alteraci\u00f3n, o descompilaci\u00f3n.<\/p><p data-asw-org-font-size=\"13\">Para cualquier otro uso distinto de los expresamente permitidos, ser\u00e1 necesario obtener el consentimiento previo por escrito de BALADON.<\/p><p data-asw-org-font-size=\"13\">As\u00ed mismo queda prohibido suprimir, eludir o manipular el copyright y dem\u00e1s datos identificativos de los derechos BALADON, as\u00ed como los dispositivos t\u00e9cnicos de protecci\u00f3n, o cualesquiera mecanismos de informaci\u00f3n que pudieren contener los citados contenidos.<\/p><p data-asw-org-font-size=\"13\">Todas las marcas, nombres comerciales o signos distintivos, y todos los derechos de propiedad industrial e intelectual, sobre los contenidos y\/o cualesquiera otros elementos insertados en la p\u00e1gina son propiedad de BALADON o est\u00e1n licenciados para su uso por BALADON. En ning\u00fan caso el acceso a este enlace implica ning\u00fan tipo de renuncia, transmisi\u00f3n, licencia o cesi\u00f3n total ni parcial de dichos derechos por parte de BALADON, salvo que se establezca expresamente lo contrario.<\/p><p data-asw-org-font-size=\"13\">En el caso de que cualquier usuario considere que alguno de los contenidos en este sitio\u00a0<em>Web<\/em>\u00a0propiedad de BALADON vulnera sus derechos de propiedad intelectual o industrial, deber\u00e1 remitir una comunicaci\u00f3n webimb@imb-sl.com con la informaci\u00f3n sobre el reclamante y un relato detallado de los derechos supuestamente infringidos por BALADON, as\u00ed como, la localizaci\u00f3n exacta dentro de este enlace.<\/p><p data-asw-org-font-size=\"13\"><strong>Confidencialidad y Seguridad de la informaci\u00f3n<\/strong><\/p><p data-asw-org-font-size=\"13\">BALADON garantiza la protecci\u00f3n de los datos personales y la seguridad de la informaci\u00f3n, adoptando para ello las medidas t\u00e9cnicas y organizativas necesarias para evitar la p\u00e9rdida, mal uso, alteraci\u00f3n, acceso no autorizado o robo de datos personales o informaci\u00f3n confidencial, habida cuenta del estado de la tecnolog\u00eda, la naturaleza de los datos y los riesgos a los que est\u00e1 expuesta.<\/p><p data-asw-org-font-size=\"13\"><strong>Protecci\u00f3n de Datos<\/strong><\/p><p data-asw-org-font-size=\"13\">Todos los datos personales facilitados a BALADON a trav\u00e9s de cualquier formulario en este sitio\u00a0<em>Web<\/em>\u00a0ser\u00e1n tratados por BALADON de conformidad con lo establecido en su Pol\u00edtica de Protecci\u00f3n de Datos accesible en el enlace https:\/\/imb-sl.com\/politica-privacidad.php<\/p><p data-asw-org-font-size=\"13\"><strong>Enlaces (<em>links<\/em>) a p\u00e1ginas de internet de terceros y Cookies<\/strong><\/p><p data-asw-org-font-size=\"13\">BALADON puede incluir dentro de sus contenidos enlaces con sitios pertenecientes y\/o gestionados por terceros con el objeto de facilitar el acceso a informaci\u00f3n disponible a trav\u00e9s de Internet. BALADON no asume ninguna responsabilidad derivada de la existencia de enlaces entre los contenidos de este sitio\u00a0<em>Web<\/em>\u00a0y contenidos situados fuera del mismo. Tales enlaces o menciones tienen una finalidad exclusivamente informativa y, en ning\u00fan caso, implican el apoyo, aprobaci\u00f3n, comercializaci\u00f3n o relaci\u00f3n alguna entre BALADON y las personas o entidades autoras y\/o gestoras de tales contenidos o titulares de los sitios donde se encuentren.<\/p><p data-asw-org-font-size=\"13\">Este sitio\u00a0<em>Web<\/em>\u00a0utiliza Cookies propias y de terceros a trav\u00e9s de las cuales en ocasiones BALADON y los terceros podr\u00e1n identificar al usuario de este sitio\u00a0<em>Web<\/em>\u00a0a trav\u00e9s de la informaci\u00f3n que dichas cookies obtienen de forma autom\u00e1tica con ocasi\u00f3n de la navegaci\u00f3n y acciones que el usuario realiza en este sitio\u00a0<em>Web<\/em>\u00a0de conformidad con lo dispuesto en su Pol\u00edtica de Cookies en https:\/\/imb-sl.com\/politica-cookies.php<\/p><p data-asw-org-font-size=\"13\"><strong>Responsabilidades<\/strong><\/p><p data-asw-org-font-size=\"13\">BALADON pone el m\u00e1ximo empe\u00f1o en la exactitud y actualizaci\u00f3n de la informaci\u00f3n publicada en el sitio\u00a0<em>Web<\/em>.<\/p><p data-asw-org-font-size=\"13\">Asimismo, teniendo en cuanta la especialidad del medio de Internet:<\/p><ul><li data-asw-org-font-size=\"13\">BALADON no garantiza el acceso continuado, ni la correcta visualizaci\u00f3n, descarga o utilidad de los elementos e informaci\u00f3n contenidos en este sitio\u00a0<em>Web<\/em>, que pueden verse impedidos, dificultados o interrumpidos por factores o circunstancias que est\u00e1n fuera de su control.<\/li><\/ul><ul><li data-asw-org-font-size=\"13\">BALADON no se hace responsable por da\u00f1os, perjuicios, p\u00e9rdidas, reclamaciones o gastos, producidos por: interferencias, interrupciones, fallos, omisiones, aver\u00edas telef\u00f3nicas, retrasos, bloqueos o desconexiones en el funcionamiento del sistema electr\u00f3nico, motivadas por deficiencias, sobrecargas y errores en las l\u00edneas y redes de telecomunicaciones, o por cualquier otra causa ajena al control de BALADON.<\/li><\/ul><p data-asw-org-font-size=\"13\">No obstante, BALADON intentar\u00e1 facilitar, en la medida de sus posibilidades, ayuda t\u00e9cnica al usuario y tratar\u00e1 de restablecer de inmediato la interrupci\u00f3n. Por todo ello, si en alg\u00fan momento se produjera alg\u00fan error o anomal\u00eda durante la utilizaci\u00f3n, rogamos se ponga en contacto con nosotros a la direcci\u00f3n webimb@imb-sl.com.<\/p><p data-asw-org-font-size=\"13\"><strong>Reserva de acciones<\/strong><\/p><p data-asw-org-font-size=\"13\">BALADON se reserva el ejercicio de cuantos medios o acciones legales le correspondan en defensa de sus leg\u00edtimos derechos e intereses.<\/p><p data-asw-org-font-size=\"13\">En particular, BALADON se reserva el derecho a denegar o retirar el acceso y\/o los servicios ofrecidos, sin necesidad de preaviso a instancia propia o de un tercero, a aquellos usuarios que incumplan el presente Aviso Legal y\/o las condiciones espec\u00edficas que, en su caso, resulten de aplicaci\u00f3n, as\u00ed como la legislaci\u00f3n vigente.<\/p><p data-asw-org-font-size=\"13\"><strong>Ley aplicable, jurisdicci\u00f3n y reclamaciones<\/strong><\/p><p data-asw-org-font-size=\"13\">El presente Aviso Legal se rige por la legislaci\u00f3n espa\u00f1ola, siendo la jurisdicci\u00f3n aplicable la correspondiente al domicilio del usuario\/consumidor.<\/p><p data-asw-org-font-size=\"13\">Asimismo, el usuario que lo desee podr\u00e1 presentar una reclamaci\u00f3n directamente a trav\u00e9s de la Plataforma de la Uni\u00f3n Europea de resoluci\u00f3n de litigios en l\u00ednea accesible a trav\u00e9s del siguiente enlace:\u00a0\u00a0<a href=\"https:\/\/europa.eu\/youreurope\/citizens\/consumers\/consumers-dispute-resolution\/index_es.htm\" data-asw-org-font-size=\"13\">https:\/\/europa.eu\/youreurope\/citizens\/consumers\/consumers-dispute-resolution\/index_es.htm<\/a><\/p><p data-asw-org-font-size=\"13\"><em>Aviso legal: \u00a0\u00faltima actualizaci\u00f3n a 27 de febrero de 2023<\/em><\/p>\t\t\t\t\t\t\t\t<\/div>\n\t\t\t\t<\/div>\n\t\t\t\t\t<\/div>\n\t\t\t\t<\/div>\n\t\t\t\t<\/div>","protected":false},"excerpt":{"rendered":"<p>Aviso legal y Canal \u00c9tico Este Aviso Legal tiene por objeto informar sobre la prestaci\u00f3n de servicios de este sitio Web por parte de INSTALACIONES Y MONTAJES BALAD\u00d3N SL PRESTACI\u00d3N DE SERVICIOS EN EL SITIO\u00a0WEB Titularidad del sitio\u00a0Web\u00a0y prestadores de servicios En cumplimiento de la normativa vigente en materia de Servicios de la Sociedad de [&hellip;]<\/p>\n","protected":false},"author":1,"featured_media":0,"parent":0,"menu_order":0,"comment_status":"closed","ping_status":"closed","template":"","meta":{"_acf_changed":false,"footnotes":""},"class_list":["post-813","page","type-page","status-publish","hentry"],"acf":[],"_links":{"self":[{"href":"https:\/\/imb-sl.com\/cat\/wp-json\/wp\/v2\/pages\/813","targetHints":{"allow":["GET"]}}],"collection":[{"href":"https:\/\/imb-sl.com\/cat\/wp-json\/wp\/v2\/pages"}],"about":[{"href":"https:\/\/imb-sl.com\/cat\/wp-json\/wp\/v2\/types\/page"}],"author":[{"embeddable":true,"href":"https:\/\/imb-sl.com\/cat\/wp-json\/wp\/v2\/users\/1"}],"replies":[{"embeddable":true,"href":"https:\/\/imb-sl.com\/cat\/wp-json\/wp\/v2\/comments?post=813"}],"version-history":[{"count":4,"href":"https:\/\/imb-sl.com\/cat\/wp-json\/wp\/v2\/pages\/813\/revisions"}],"predecessor-version":[{"id":817,"href":"https:\/\/imb-sl.com\/cat\/wp-json\/wp\/v2\/pages\/813\/revisions\/817"}],"wp:attachment":[{"href":"https:\/\/imb-sl.com\/cat\/wp-json\/wp\/v2\/media?parent=813"}],"curies":[{"name":"wp","href":"https:\/\/api.w.org\/{rel}","templated":true}]}}